{"id":4671,"date":"2025-03-04T09:57:14","date_gmt":"2025-03-04T08:57:14","guid":{"rendered":"https:\/\/ipa-bauchemie.com\/produkt\/ipa-unimoertel-rapid-20-kg\/"},"modified":"2025-11-04T16:58:34","modified_gmt":"2025-11-04T15:58:34","slug":"ipa-unimoertel-rapid-20-kg","status":"publish","type":"product","link":"https:\/\/ipa-bauchemie.com\/en\/produkte\/ipa-unimoertel-rapid-20-kg\/","title":{"rendered":"IPA Unim\u00f6rtel Rapid 20 Kg"},"content":{"rendered":"<p>IPA Unim\u00f6rtel Rapid is a sulfate-resistant, fast-setting, low-shrinkage, cement-based repair mortar for damp areas. IPA Unim\u00f6rtel<br \/>Rapid is, according to DIN 19573, a WW masonry, jointing,<br \/>laying, and repair mortar, and classified as WW coating mortar DIN 19573 \u2013 B2 \u2014 XWW3.<\/p>\n<p>Consumption:<br \/>2.0 kg\/l mortar  <\/p>\n","protected":false},"excerpt":{"rendered":"<p>Repair mortar for damp areas<\/p>\n","protected":false},"featured_media":3604,"template":"","meta":[],"product_brand":[],"product_cat":[187,191,171,218,178,177,176,207,216,212],"product_tag":[],"class_list":{"0":"post-4671","1":"product","2":"type-product","3":"status-publish","4":"has-post-thumbnail","6":"product_cat-drinking-water-tanks","7":"product_cat-durable-adhesion-on-mineral-substrates","8":"product_cat-intended-use","9":"product_cat-moisture-repellent","10":"product_cat-product-properties","11":"product_cat-project","12":"product_cat-scope","13":"product_cat-sewer","14":"product_cat-wastewater-system","15":"product_cat-wastewater-systems","17":"first","18":"instock","19":"taxable","20":"shipping-taxable","21":"product-type-simple"},"_links":{"self":[{"href":"https:\/\/ipa-bauchemie.com\/en\/wp-json\/wp\/v2\/product\/4671","targetHints":{"allow":["GET"]}}],"collection":[{"href":"https:\/\/ipa-bauchemie.com\/en\/wp-json\/wp\/v2\/product"}],"about":[{"href":"https:\/\/ipa-bauchemie.com\/en\/wp-json\/wp\/v2\/types\/product"}],"wp:featuredmedia":[{"embeddable":true,"href":"https:\/\/ipa-bauchemie.com\/en\/wp-json\/wp\/v2\/media\/3604"}],"wp:attachment":[{"href":"https:\/\/ipa-bauchemie.com\/en\/wp-json\/wp\/v2\/media?parent=4671"}],"wp:term":[{"taxonomy":"product_brand","embeddable":true,"href":"https:\/\/ipa-bauchemie.com\/en\/wp-json\/wp\/v2\/product_brand?post=4671"},{"taxonomy":"product_cat","embeddable":true,"href":"https:\/\/ipa-bauchemie.com\/en\/wp-json\/wp\/v2\/product_cat?post=4671"},{"taxonomy":"product_tag","embeddable":true,"href":"https:\/\/ipa-bauchemie.com\/en\/wp-json\/wp\/v2\/product_tag?post=4671"}],"curies":[{"name":"wp","href":"https:\/\/api.w.org\/{rel}","templated":true}]}}